{"id":461,"date":"2022-10-10T16:32:54","date_gmt":"2022-10-10T19:32:54","guid":{"rendered":"https:\/\/avsbrasil.com.br\/?page_id=461"},"modified":"2022-10-20T12:32:35","modified_gmt":"2022-10-20T15:32:35","slug":"politica-de-privacidade","status":"publish","type":"page","link":"https:\/\/avsbrasil.com.br\/es\/politica-de-privacidade\/","title":{"rendered":"Pol\u00edtica de Privacidad"},"content":{"rendered":"<p><strong>La introducci\u00f3n<\/strong><\/p>\n\n\n\n<p>AVS Brasil reconoce y respeta plenamente el derecho a la privacidad de los datos personales de sus clientes y usuarios. Fue con esto en mente que la empresa elabor\u00f3 \u200b\u200bsu Pol\u00edtica de Privacidad, determinando que, de ninguna manera, los datos de los clientes ser\u00e1n divulgados a terceros, excepto cuando esta informaci\u00f3n sea necesaria para el proceso de entrega, facturaci\u00f3n o participaci\u00f3n en testimonios sobre productos, que de hecho, es realizada por los propios visitantes.<\/p>\n\n\n\n<p>La empresa reconoce que los usuarios y visitantes saben que al navegar por el sitio o participar, ya sea a trav\u00e9s del registro o de una simple visita, proporcionan directa o indirectamente informaci\u00f3n que es objeto de registro por parte de los sistemas inform\u00e1ticos.<\/p>\n\n\n\n<p>Por lo tanto, AVS Brasil se compromete a utilizar esta informaci\u00f3n solo para los fines espec\u00edficos para los que fue recopilada. En caso de que el usuario no est\u00e9 de acuerdo con esta Pol\u00edtica de Privacidad, le proporcionamos varias formas de acceder, cambiar o solicitar la eliminaci\u00f3n de toda o parte de su informaci\u00f3n personal de la base de datos.<\/p>\n\n\n\n<p><strong>b) Recolecci\u00f3n de Informaci\u00f3n<\/strong><\/p>\n\n\n\n<p>La participaci\u00f3n en concursos o pedidos en el cat\u00e1logo presupone la correcta indicaci\u00f3n de los datos personales del usuario. La omisi\u00f3n o inexactitud de los datos facilitados puede hacer inviable su compra o participaci\u00f3n. AVS Brasil y\/o sus socios no podr\u00e1n aceptar participaciones, cancelar pedidos y\/o incluso eliminar del sistema informaciones y registros de usuarios cuyos datos considere incorrectos.<\/p>\n\n\n\n<p>AVS Brasil se compromete a no compartir, ceder o poner a disposici\u00f3n de terceros, por cualquier medio, los datos personales que posea. No obstante, estos datos podr\u00e1n ser utilizados por la propia empresa con el fin de comunicar informaci\u00f3n, novedades de mercado y\/u ofertas de sus productos, salvo que el usuario manifieste expresamente que no desea recibir esta informaci\u00f3n.<\/p>\n\n\n\n<p><strong>c) Uso de \u201cCookies\u201d<\/strong><\/p>\n\n\n\n<p>\u201cCookies\u201d are normally used to better adapt the contents and other functionalities to the interests and needs of visitors. Refusal to accept \"cookies\" may result in the inability to access certain areas of the website and\/or receive personalized information.<\/p>\n\n\n\n<p>El sitio utiliza herramientas de an\u00e1lisis estad\u00edstico web para medir y caracterizar la audiencia, y estas pueden usarse tanto para personalizar y mejorar su experiencia en el sitio como para evaluar estad\u00edsticas sobre su uso y rendimiento.<br>AVS Brasil y sus socios toman todas las precauciones a su alcance, utilizando criptograf\u00eda y alta seguridad, para garantizar la protecci\u00f3n e integridad de los datos personales registrados. No obstante, los usuarios reconocen que el sistema est\u00e1 soportado por una plataforma inform\u00e1tica en una red abierta (internet), sujeta a intentos de intrusi\u00f3n y mal funcionamiento intr\u00ednsecos a los propios sistemas.<\/p>\n\n\n\n<p><strong>d) Informaci\u00f3n y Cambios a la Pol\u00edtica de Privacidad<\/strong><\/p>\n\n\n\n<p>AVS Brasil pone a disposici\u00f3n esta Pol\u00edtica de Privacidad en todas las p\u00e1ginas de su tienda. La navegaci\u00f3n y\/o participaci\u00f3n de cualquier forma en el sitio web presupone el conocimiento y plena aceptaci\u00f3n de la Pol\u00edtica de Privacidad, as\u00ed como del resto de contenidos informativos.<\/p>\n\n\n\n<p>De esta forma, AVS Brasil se reserva el derecho de modificar esta Pol\u00edtica de Privacidad en cualquier momento, comprometi\u00e9ndose a divulgar todos los cambios en este espacio.<\/p>\n\n\n\n<p><strong>e) Final Considerations<\/strong><\/p>\n\n\n\n<p>Cualquier comentario, duda, queja o solicitud de aclaraci\u00f3n sobre esta Pol\u00edtica de Privacidad o sobre el sitio web en general, debe realizarse a trav\u00e9s de los contactos disponibles, tel\u00e9fono (11) 4375-1919 o correo electr\u00f3nico contato@avsbrasil.com.br.<\/p>","protected":false},"excerpt":{"rendered":"<p>a) Introdu\u00e7\u00e3o A AVS Brasil reconhece e respeita na integra o direito \u00e0 privacidade dos dados pessoais de seus clientes e utilizadores. Foi com esse pensamento<span class=\"excerpt-hellip\"> [\u2026]<\/span><\/p>","protected":false},"author":1,"featured_media":0,"parent":0,"menu_order":0,"comment_status":"closed","ping_status":"closed","template":"","meta":[],"_links":{"self":[{"href":"https:\/\/avsbrasil.com.br\/es\/wp-json\/wp\/v2\/pages\/461"}],"collection":[{"href":"https:\/\/avsbrasil.com.br\/es\/wp-json\/wp\/v2\/pages"}],"about":[{"href":"https:\/\/avsbrasil.com.br\/es\/wp-json\/wp\/v2\/types\/page"}],"author":[{"embeddable":true,"href":"https:\/\/avsbrasil.com.br\/es\/wp-json\/wp\/v2\/users\/1"}],"replies":[{"embeddable":true,"href":"https:\/\/avsbrasil.com.br\/es\/wp-json\/wp\/v2\/comments?post=461"}],"version-history":[{"count":2,"href":"https:\/\/avsbrasil.com.br\/es\/wp-json\/wp\/v2\/pages\/461\/revisions"}],"predecessor-version":[{"id":474,"href":"https:\/\/avsbrasil.com.br\/es\/wp-json\/wp\/v2\/pages\/461\/revisions\/474"}],"wp:attachment":[{"href":"https:\/\/avsbrasil.com.br\/es\/wp-json\/wp\/v2\/media?parent=461"}],"curies":[{"name":"wp","href":"https:\/\/api.w.org\/{rel}","templated":true}]}}