{"id":857,"date":"2024-03-04T13:35:28","date_gmt":"2024-03-04T16:35:28","guid":{"rendered":"https:\/\/avsbrasil.com.br\/?page_id=857"},"modified":"2024-03-04T13:35:28","modified_gmt":"2024-03-04T16:35:28","slug":"politica-anticorrupcao","status":"publish","type":"page","link":"https:\/\/avsbrasil.com.br\/en\/politica-anticorrupcao\/","title":{"rendered":"Pol\u00edtica Anticorrup\u00e7\u00e3o"},"content":{"rendered":"","protected":false},"excerpt":{"rendered":"","protected":false},"author":1,"featured_media":0,"parent":0,"menu_order":0,"comment_status":"closed","ping_status":"closed","template":"","meta":[],"_links":{"self":[{"href":"https:\/\/avsbrasil.com.br\/en\/wp-json\/wp\/v2\/pages\/857"}],"collection":[{"href":"https:\/\/avsbrasil.com.br\/en\/wp-json\/wp\/v2\/pages"}],"about":[{"href":"https:\/\/avsbrasil.com.br\/en\/wp-json\/wp\/v2\/types\/page"}],"author":[{"embeddable":true,"href":"https:\/\/avsbrasil.com.br\/en\/wp-json\/wp\/v2\/users\/1"}],"replies":[{"embeddable":true,"href":"https:\/\/avsbrasil.com.br\/en\/wp-json\/wp\/v2\/comments?post=857"}],"version-history":[{"count":1,"href":"https:\/\/avsbrasil.com.br\/en\/wp-json\/wp\/v2\/pages\/857\/revisions"}],"predecessor-version":[{"id":859,"href":"https:\/\/avsbrasil.com.br\/en\/wp-json\/wp\/v2\/pages\/857\/revisions\/859"}],"wp:attachment":[{"href":"https:\/\/avsbrasil.com.br\/en\/wp-json\/wp\/v2\/media?parent=857"}],"curies":[{"name":"wp","href":"https:\/\/api.w.org\/{rel}","templated":true}]}}